{"id":10,"date":"2023-04-07T08:47:30","date_gmt":"2023-04-07T05:47:30","guid":{"rendered":"https:\/\/demosites.royal-elementor-addons.com\/digitalagency-v3\/?page_id=10"},"modified":"2024-08-22T14:21:46","modified_gmt":"2024-08-22T11:21:46","slug":"contact","status":"publish","type":"page","link":"https:\/\/www.egekomp.com\/en\/contact\/","title":{"rendered":"Contact"},"content":{"rendered":"<div data-elementor-type=\"wp-page\" data-elementor-id=\"10\" class=\"elementor elementor-10\">\n\t\t\t\t\t\t<section class=\"elementor-section elementor-top-section elementor-element elementor-element-d255e6f elementor-section-full_width elementor-section-height-default elementor-section-height-default wpr-particle-no wpr-jarallax-no wpr-parallax-no wpr-sticky-section-no\" data-id=\"d255e6f\" data-element_type=\"section\">\n\t\t\t\t\t\t<div class=\"elementor-container elementor-column-gap-default\">\n\t\t\t\t\t<div class=\"elementor-column elementor-col-100 elementor-top-column elementor-element elementor-element-d7ddfa8\" data-id=\"d7ddfa8\" data-element_type=\"column\">\n\t\t\t<div class=\"elementor-widget-wrap elementor-element-populated\">\n\t\t\t\t\t\t<div class=\"elementor-element elementor-element-c1f07e6 elementor-widget elementor-widget-google_maps\" data-id=\"c1f07e6\" data-element_type=\"widget\" data-widget_type=\"google_maps.default\">\n\t\t\t\t<div class=\"elementor-widget-container\">\n\t\t\t\t\t\t\t<div class=\"elementor-custom-embed\">\n\t\t\t<iframe loading=\"lazy\"\n\t\t\t\t\tsrc=\"https:\/\/maps.google.com\/maps?q=Egekomp&#038;t=m&#038;z=15&#038;output=embed&#038;iwloc=near\"\n\t\t\t\t\ttitle=\"Egekomp\"\n\t\t\t\t\taria-label=\"Egekomp\"\n\t\t\t><\/iframe>\n\t\t<\/div>\n\t\t\t\t\t\t<\/div>\n\t\t\t\t<\/div>\n\t\t\t\t\t<\/div>\n\t\t<\/div>\n\t\t\t\t\t<\/div>\n\t\t<\/section>\n\t\t\t\t<section class=\"elementor-section elementor-top-section elementor-element elementor-element-bfd7705 elementor-section-boxed elementor-section-height-default elementor-section-height-default wpr-particle-no wpr-jarallax-no wpr-parallax-no wpr-sticky-section-no\" data-id=\"bfd7705\" data-element_type=\"section\">\n\t\t\t\t\t\t<div class=\"elementor-container elementor-column-gap-extended\">\n\t\t\t\t\t<div class=\"elementor-column elementor-col-50 elementor-top-column elementor-element elementor-element-a23ed5f elementor-invisible\" data-id=\"a23ed5f\" data-element_type=\"column\" data-settings=\"{&quot;animation&quot;:&quot;fadeIn&quot;}\">\n\t\t\t<div class=\"elementor-widget-wrap elementor-element-populated\">\n\t\t\t\t\t\t<div class=\"elementor-element elementor-element-2fc32b9 elementor-align-left elementor-icon-list--layout-traditional elementor-list-item-link-full_width elementor-widget elementor-widget-icon-list\" data-id=\"2fc32b9\" data-element_type=\"widget\" data-widget_type=\"icon-list.default\">\n\t\t\t\t<div class=\"elementor-widget-container\">\n\t\t\t\t\t\t\t<ul class=\"elementor-icon-list-items\">\n\t\t\t\t\t\t\t<li class=\"elementor-icon-list-item\">\n\t\t\t\t\t\t\t\t\t\t\t<span class=\"elementor-icon-list-icon\">\n\t\t\t\t\t\t\t<i aria-hidden=\"true\" class=\"fas fa-headset\"><\/i>\t\t\t\t\t\t<\/span>\n\t\t\t\t\t\t\t\t\t\t<span class=\"elementor-icon-list-text\"><\/span>\n\t\t\t\t\t\t\t\t\t<\/li>\n\t\t\t\t\t\t<\/ul>\n\t\t\t\t\t\t<\/div>\n\t\t\t\t<\/div>\n\t\t\t\t<div class=\"elementor-element elementor-element-cb08af2 elementor-widget elementor-widget-heading\" data-id=\"cb08af2\" data-element_type=\"widget\" data-widget_type=\"heading.default\">\n\t\t\t\t<div class=\"elementor-widget-container\">\n\t\t\t\t\t<h2 class=\"elementor-heading-title elementor-size-default\">Contact With Us<\/h2>\t\t\t\t<\/div>\n\t\t\t\t<\/div>\n\t\t\t\t<div class=\"elementor-element elementor-element-45eb5cb elementor-icon-list--layout-traditional elementor-list-item-link-full_width elementor-widget elementor-widget-icon-list\" data-id=\"45eb5cb\" data-element_type=\"widget\" data-widget_type=\"icon-list.default\">\n\t\t\t\t<div class=\"elementor-widget-container\">\n\t\t\t\t\t\t\t<ul class=\"elementor-icon-list-items\">\n\t\t\t\t\t\t\t<li class=\"elementor-icon-list-item\">\n\t\t\t\t\t\t\t\t\t\t<span class=\"elementor-icon-list-text\">By using the contact form, you can share your questions about our products and services with us. You can also contact us for your special requests. A response will be provided by our customer representatives as soon as possible. <\/span>\n\t\t\t\t\t\t\t\t\t<\/li>\n\t\t\t\t\t\t<\/ul>\n\t\t\t\t\t\t<\/div>\n\t\t\t\t<\/div>\n\t\t\t\t<div class=\"elementor-element elementor-element-582d0e8 elementor-icon-list--layout-traditional elementor-list-item-link-full_width elementor-widget elementor-widget-icon-list\" data-id=\"582d0e8\" data-element_type=\"widget\" data-widget_type=\"icon-list.default\">\n\t\t\t\t<div class=\"elementor-widget-container\">\n\t\t\t\t\t\t\t<ul class=\"elementor-icon-list-items\">\n\t\t\t\t\t\t\t<li class=\"elementor-icon-list-item\">\n\t\t\t\t\t\t\t\t\t\t\t<span class=\"elementor-icon-list-icon\">\n\t\t\t\t\t\t\t<i aria-hidden=\"true\" class=\"fas fa-map-marker-alt\"><\/i>\t\t\t\t\t\t<\/span>\n\t\t\t\t\t\t\t\t\t\t<span class=\"elementor-icon-list-text\">6311 Sok. 39\/A Kar\u015f\u0131yaka, \u0130zmir (Next to Mavi\u015fehir Metro Station)<\/span>\n\t\t\t\t\t\t\t\t\t<\/li>\n\t\t\t\t\t\t\t\t<li class=\"elementor-icon-list-item\">\n\t\t\t\t\t\t\t\t\t\t\t<a href=\"tel:902324576316\">\n\n\t\t\t\t\t\t\t\t\t\t\t\t<span class=\"elementor-icon-list-icon\">\n\t\t\t\t\t\t\t<i aria-hidden=\"true\" class=\"fas fa-phone-alt\"><\/i>\t\t\t\t\t\t<\/span>\n\t\t\t\t\t\t\t\t\t\t<span class=\"elementor-icon-list-text\">+90 232 457 6316<\/span>\n\t\t\t\t\t\t\t\t\t\t\t<\/a>\n\t\t\t\t\t\t\t\t\t<\/li>\n\t\t\t\t\t\t\t\t<li class=\"elementor-icon-list-item\">\n\t\t\t\t\t\t\t\t\t\t\t<a href=\"mailto:info@egekomp.com\">\n\n\t\t\t\t\t\t\t\t\t\t\t\t<span class=\"elementor-icon-list-icon\">\n\t\t\t\t\t\t\t<i aria-hidden=\"true\" class=\"fas fa-envelope\"><\/i>\t\t\t\t\t\t<\/span>\n\t\t\t\t\t\t\t\t\t\t<span class=\"elementor-icon-list-text\">info@egekomp.com<\/span>\n\t\t\t\t\t\t\t\t\t\t\t<\/a>\n\t\t\t\t\t\t\t\t\t<\/li>\n\t\t\t\t\t\t<\/ul>\n\t\t\t\t\t\t<\/div>\n\t\t\t\t<\/div>\n\t\t\t\t\t<\/div>\n\t\t<\/div>\n\t\t\t\t<div class=\"elementor-column elementor-col-50 elementor-top-column elementor-element elementor-element-1920648\" data-id=\"1920648\" data-element_type=\"column\">\n\t\t\t<div class=\"elementor-widget-wrap elementor-element-populated\">\n\t\t\t\t\t\t<div class=\"elementor-element elementor-element-fac43d0 elementor-widget elementor-widget-wpforms\" data-id=\"fac43d0\" data-element_type=\"widget\" data-widget_type=\"wpforms.default\">\n\t\t\t\t<div class=\"elementor-widget-container\">\n\t\t\t\t\t<style id=\"wpforms-css-vars-elementor-widget-fac43d0\">\n\t\t\t\t.elementor-widget-wpforms.elementor-element-fac43d0 {\n\t\t\t\t--wpforms-button-border-radius: 6px;\n--wpforms-button-background-color: #105CE0;\n--wpforms-field-size-input-height: 43px;\n--wpforms-field-size-input-spacing: 15px;\n--wpforms-field-size-font-size: 16px;\n--wpforms-field-size-line-height: 19px;\n--wpforms-field-size-padding-h: 14px;\n--wpforms-field-size-checkbox-size: 16px;\n--wpforms-field-size-sublabel-spacing: 5px;\n--wpforms-field-size-icon-size: 1;\n--wpforms-label-size-font-size: 16px;\n--wpforms-label-size-line-height: 19px;\n--wpforms-label-size-sublabel-font-size: 14px;\n--wpforms-label-size-sublabel-line-height: 17px;\n--wpforms-button-size-font-size: 20px;\n--wpforms-button-size-height: 48px;\n--wpforms-button-size-padding-h: 20px;\n--wpforms-button-size-margin-top: 15px;\n\n\t\t\t}\n\t\t\t<\/style><div class=\"wpforms-container wpforms-container-full wpforms-render-modern\" id=\"wpforms-2524\"><form id=\"wpforms-form-2524\" class=\"wpforms-validate wpforms-form wpforms-ajax-form\" data-formid=\"2524\" method=\"post\" enctype=\"multipart\/form-data\" action=\"\/en\/wp-json\/wp\/v2\/pages\/10\" data-token=\"8dad2e20c5fc2a6ba061cf0d7584931c\" data-token-time=\"1778177114\" data-trp-original-action=\"\/en\/wp-json\/wp\/v2\/pages\/10\"><noscript class=\"wpforms-error-noscript\">Please enable JavaScript in your browser to complete this form.<\/noscript><div class=\"wpforms-hidden\" id=\"wpforms-error-noscript\">Please enable JavaScript in your browser to complete this form.<\/div><div class=\"wpforms-field-container\"><div id=\"wpforms-2524-field_0-container\" class=\"wpforms-field wpforms-field-name\" data-field-id=\"0\"><fieldset><legend class=\"wpforms-field-label\">Name Surname <span class=\"wpforms-required-label\" aria-hidden=\"true\">*<\/span><\/legend><div class=\"wpforms-field-row wpforms-field-large\"><div class=\"wpforms-field-row-block wpforms-first wpforms-one-half\"><input type=\"text\" id=\"wpforms-2524-field_0\" class=\"wpforms-field-name-first wpforms-field-required\" name=\"wpforms[fields][0][first]\" aria-errormessage=\"wpforms-2524-field_0-error\" required><label for=\"wpforms-2524-field_0\" class=\"wpforms-field-sublabel after\">First<\/label><\/div><div class=\"wpforms-field-row-block wpforms-one-half\"><input type=\"text\" id=\"wpforms-2524-field_0-last\" class=\"wpforms-field-name-last wpforms-field-required\" name=\"wpforms[fields][0][last]\" aria-errormessage=\"wpforms-2524-field_0-last-error\" required><label for=\"wpforms-2524-field_0-last\" class=\"wpforms-field-sublabel after\">Last<\/label><\/div><\/div><\/fieldset><\/div><div id=\"wpforms-2524-field_1-container\" class=\"wpforms-field wpforms-field-email\" data-field-id=\"1\"><label class=\"wpforms-field-label\" for=\"wpforms-2524-field_1\">Email <span class=\"wpforms-required-label\" aria-hidden=\"true\">*<\/span><\/label><input type=\"email\" id=\"wpforms-2524-field_1\" class=\"wpforms-field-large wpforms-field-required\" name=\"wpforms[fields][1]\" spellcheck=\"false\" aria-errormessage=\"wpforms-2524-field_1-error\" required><\/div><div id=\"wpforms-2524-field_2-container\" class=\"wpforms-field wpforms-field-textarea\" data-field-id=\"2\"><label class=\"wpforms-field-label\" for=\"wpforms-2524-field_2\">Comment or Message<\/label><textarea id=\"wpforms-2524-field_2\" class=\"wpforms-field-medium\" name=\"wpforms[fields][2]\" aria-errormessage=\"wpforms-2524-field_2-error\" ><\/textarea><\/div><\/div><!-- .wpforms-field-container --><div class=\"wpforms-recaptcha-container wpforms-is-hcaptcha\" ><div class=\"g-recaptcha\" data-sitekey=\"edbed40d-5ac9-4411-a485-62fbf165c188\"><\/div><input type=\"text\" name=\"g-recaptcha-hidden\" class=\"wpforms-recaptcha-hidden\" style=\"position:absolute!important;clip:rect(0,0,0,0)!important;height:1px!important;width:1px!important;border:0!important;overflow:hidden!important;padding:0!important;margin:0!important;\" data-rule-hcaptcha=\"1\"><\/div><div class=\"wpforms-submit-container\" ><input type=\"hidden\" name=\"wpforms[id]\" value=\"2524\"><input type=\"hidden\" name=\"page_title\" value=\"\"><input type=\"hidden\" name=\"page_url\" value=\"https:\/\/www.egekomp.com\/en\/wp-json\/wp\/v2\/pages\/10\"><input type=\"hidden\" name=\"url_referer\" value=\"\"><button type=\"submit\" name=\"wpforms[submit]\" id=\"wpforms-submit-2524\" class=\"wpforms-submit\" data-alt-text=\"G\u00f6nderiliyor...\" data-submit-text=\"G\u00f6nder\" aria-live=\"assertive\" value=\"wpforms-submit\">Send<\/button><img decoding=\"async\" src=\"https:\/\/www.egekomp.com\/wp-content\/plugins\/wpforms-lite\/assets\/images\/submit-spin.svg\" class=\"wpforms-submit-spinner\" style=\"display: none;\" width=\"26\" height=\"26\" alt=\"Loading\"><\/div><input type=\"hidden\" name=\"trp-form-language\" value=\"en\"\/><\/form><\/div>  <!-- .wpforms-container -->\t\t\t\t<\/div>\n\t\t\t\t<\/div>\n\t\t\t\t\t<\/div>\n\t\t<\/div>\n\t\t\t\t\t<\/div>\n\t\t<\/section>\n\t\t\t\t<\/div>","protected":false},"excerpt":{"rendered":"<p>Bizimle \u0130leti\u015fime Ge\u00e7in \u0130leti\u015fim formunu kullanarak, \u00fcr\u00fcnlerimiz ve hizmetlerimiz hakk\u0131nda sorular\u0131n\u0131z\u0131 bizimle payla\u015fabilirsiniz. Ayr\u0131ca, veya \u00f6zel istekleriniz i\u00e7in bize ula\u015fabilirsiniz. M\u00fc\u015fteri temsilcilerimiz taraf\u0131ndan en k\u0131sa s\u00fcrede geri d\u00f6n\u00fc\u015f sa\u011flanacakt\u0131r. 6311 Sok. 39\/A Kar\u015f\u0131yaka, \u0130zmir(Mavi\u015fehir Metro Dura\u011f\u0131 Yan\u0131) +90 232 457 6316 info@egekomp.com Bu formu bitirebilmek i\u00e7in taray\u0131c\u0131n\u0131zda JavaScript&#039;i etkinle\u015ftirin.Bu formu bitirebilmek i\u00e7in taray\u0131c\u0131n\u0131zda JavaScript&#039;i etkinle\u015ftirin. Ad\u0131 Soyad\u0131 * AdSoyad E-posta *Yorum veya Mesaj G\u00f6nder<\/p>","protected":false},"author":1,"featured_media":0,"parent":0,"menu_order":0,"comment_status":"closed","ping_status":"closed","template":"elementor_canvas","meta":{"footnotes":""},"class_list":["post-10","page","type-page","status-publish","hentry"],"yoast_head":"<!-- This site is optimized with the Yoast SEO plugin v24.9 - https:\/\/yoast.com\/wordpress\/plugins\/seo\/ -->\r\n<title>\u0130leti\u015fim - Egekomp Bili\u015fim ve Dan\u0131\u015fmanl\u0131k Hizmetleri - Netsis, Sistem Destek<\/title>\r\n<meta name=\"robots\" content=\"index, follow, max-snippet:-1, max-image-preview:large, max-video-preview:-1\" \/>\r\n<link rel=\"canonical\" href=\"https:\/\/www.egekomp.com\/en\/contact\/\" \/>\r\n<meta property=\"og:locale\" content=\"en_US\" \/>\r\n<meta property=\"og:type\" content=\"article\" \/>\r\n<meta property=\"og:title\" content=\"\u0130leti\u015fim - Egekomp Bili\u015fim ve Dan\u0131\u015fmanl\u0131k Hizmetleri - Netsis, Sistem Destek\" \/>\r\n<meta property=\"og:description\" content=\"Bizimle \u0130leti\u015fime Ge\u00e7in \u0130leti\u015fim formunu kullanarak, \u00fcr\u00fcnlerimiz ve hizmetlerimiz hakk\u0131nda sorular\u0131n\u0131z\u0131 bizimle payla\u015fabilirsiniz. Ayr\u0131ca, veya \u00f6zel istekleriniz i\u00e7in bize ula\u015fabilirsiniz. M\u00fc\u015fteri temsilcilerimiz taraf\u0131ndan en k\u0131sa s\u00fcrede geri d\u00f6n\u00fc\u015f sa\u011flanacakt\u0131r. 6311 Sok. 39\/A Kar\u015f\u0131yaka, \u0130zmir(Mavi\u015fehir Metro Dura\u011f\u0131 Yan\u0131) +90 232 457 6316 info@egekomp.com Bu formu bitirebilmek i\u00e7in taray\u0131c\u0131n\u0131zda JavaScript&#039;i etkinle\u015ftirin.Bu formu bitirebilmek i\u00e7in taray\u0131c\u0131n\u0131zda JavaScript&#039;i etkinle\u015ftirin. Ad\u0131 Soyad\u0131 * AdSoyad E-posta *Yorum veya Mesaj G\u00f6nder\" \/>\r\n<meta property=\"og:url\" content=\"https:\/\/www.egekomp.com\/en\/contact\/\" \/>\r\n<meta property=\"og:site_name\" content=\"Egekomp Bili\u015fim ve Dan\u0131\u015fmanl\u0131k Hizmetleri - Netsis, Sistem Destek\" \/>\r\n<meta property=\"article:publisher\" content=\"https:\/\/www.facebook.com\/egekompbilgisayar\" \/>\r\n<meta property=\"article:modified_time\" content=\"2024-08-22T11:21:46+00:00\" \/>\r\n<meta property=\"og:image\" content=\"https:\/\/www.egekomp.com\/wp-content\/plugins\/wpforms-lite\/assets\/images\/submit-spin.svg\" \/>\r\n<meta name=\"twitter:card\" content=\"summary_large_image\" \/>\r\n<meta name=\"twitter:site\" content=\"@egekomp\" \/>\r\n<meta name=\"twitter:label1\" content=\"Est. reading time\" \/>\n\t<meta name=\"twitter:data1\" content=\"1 minute\" \/>\r\n<script type=\"application\/ld+json\" class=\"yoast-schema-graph\">{\"@context\":\"https:\/\/schema.org\",\"@graph\":[{\"@type\":\"WebPage\",\"@id\":\"https:\/\/www.egekomp.com\/contact\/\",\"url\":\"https:\/\/www.egekomp.com\/contact\/\",\"name\":\"\u0130leti\u015fim - Egekomp Bili\u015fim ve Dan\u0131\u015fmanl\u0131k Hizmetleri - Netsis, Sistem Destek\",\"isPartOf\":{\"@id\":\"https:\/\/www.egekomp.com\/#website\"},\"primaryImageOfPage\":{\"@id\":\"https:\/\/www.egekomp.com\/contact\/#primaryimage\"},\"image\":{\"@id\":\"https:\/\/www.egekomp.com\/contact\/#primaryimage\"},\"thumbnailUrl\":\"https:\/\/www.egekomp.com\/wp-content\/plugins\/wpforms-lite\/assets\/images\/submit-spin.svg\",\"datePublished\":\"2023-04-07T05:47:30+00:00\",\"dateModified\":\"2024-08-22T11:21:46+00:00\",\"breadcrumb\":{\"@id\":\"https:\/\/www.egekomp.com\/contact\/#breadcrumb\"},\"inLanguage\":\"en-US\",\"potentialAction\":[{\"@type\":\"ReadAction\",\"target\":[\"https:\/\/www.egekomp.com\/contact\/\"]}]},{\"@type\":\"ImageObject\",\"inLanguage\":\"en-US\",\"@id\":\"https:\/\/www.egekomp.com\/contact\/#primaryimage\",\"url\":\"https:\/\/www.egekomp.com\/wp-content\/plugins\/wpforms-lite\/assets\/images\/submit-spin.svg\",\"contentUrl\":\"https:\/\/www.egekomp.com\/wp-content\/plugins\/wpforms-lite\/assets\/images\/submit-spin.svg\"},{\"@type\":\"BreadcrumbList\",\"@id\":\"https:\/\/www.egekomp.com\/contact\/#breadcrumb\",\"itemListElement\":[{\"@type\":\"ListItem\",\"position\":1,\"name\":\"Anasayfa\",\"item\":\"https:\/\/www.egekomp.com\/\"},{\"@type\":\"ListItem\",\"position\":2,\"name\":\"\u0130leti\u015fim\"}]},{\"@type\":\"WebSite\",\"@id\":\"https:\/\/www.egekomp.com\/#website\",\"url\":\"https:\/\/www.egekomp.com\/\",\"name\":\"Egekomp Bili\u015fim ve Dan\u0131\u015fmanl\u0131k Hizmetleri - Netsis, Sistem Destek\",\"description\":\"Involve in Technology\",\"publisher\":{\"@id\":\"https:\/\/www.egekomp.com\/#organization\"},\"potentialAction\":[{\"@type\":\"SearchAction\",\"target\":{\"@type\":\"EntryPoint\",\"urlTemplate\":\"https:\/\/www.egekomp.com\/?s={search_term_string}\"},\"query-input\":{\"@type\":\"PropertyValueSpecification\",\"valueRequired\":true,\"valueName\":\"search_term_string\"}}],\"inLanguage\":\"en-US\"},{\"@type\":\"Organization\",\"@id\":\"https:\/\/www.egekomp.com\/#organization\",\"name\":\"Egekomp Bili\u015fim ve Dan\u0131\u015fmanl\u0131k Hizmetleri - Netsis, Sistem Destek\",\"url\":\"https:\/\/www.egekomp.com\/\",\"logo\":{\"@type\":\"ImageObject\",\"inLanguage\":\"en-US\",\"@id\":\"https:\/\/www.egekomp.com\/#\/schema\/logo\/image\/\",\"url\":\"https:\/\/www.egekomp.com\/wp-content\/uploads\/2023\/07\/egekomp-logo.png\",\"contentUrl\":\"https:\/\/www.egekomp.com\/wp-content\/uploads\/2023\/07\/egekomp-logo.png\",\"width\":1039,\"height\":205,\"caption\":\"Egekomp Bili\u015fim ve Dan\u0131\u015fmanl\u0131k Hizmetleri - Netsis, Sistem Destek\"},\"image\":{\"@id\":\"https:\/\/www.egekomp.com\/#\/schema\/logo\/image\/\"},\"sameAs\":[\"https:\/\/www.facebook.com\/egekompbilgisayar\",\"https:\/\/x.com\/egekomp\",\"https:\/\/www.instagram.com\/egekomp\",\"https:\/\/tr.linkedin.com\/company\/egekomp\"]}]}<\/script>\r\n<!-- \/ Yoast SEO plugin. -->","yoast_head_json":{"title":"\u0130leti\u015fim - Egekomp Bili\u015fim ve Dan\u0131\u015fmanl\u0131k Hizmetleri - Netsis, Sistem Destek","robots":{"index":"index","follow":"follow","max-snippet":"max-snippet:-1","max-image-preview":"max-image-preview:large","max-video-preview":"max-video-preview:-1"},"canonical":"https:\/\/www.egekomp.com\/en\/contact\/","og_locale":"en_US","og_type":"article","og_title":"\u0130leti\u015fim - Egekomp Bili\u015fim ve Dan\u0131\u015fmanl\u0131k Hizmetleri - Netsis, Sistem Destek","og_description":"Bizimle \u0130leti\u015fime Ge\u00e7in \u0130leti\u015fim formunu kullanarak, \u00fcr\u00fcnlerimiz ve hizmetlerimiz hakk\u0131nda sorular\u0131n\u0131z\u0131 bizimle payla\u015fabilirsiniz. Ayr\u0131ca, veya \u00f6zel istekleriniz i\u00e7in bize ula\u015fabilirsiniz. M\u00fc\u015fteri temsilcilerimiz taraf\u0131ndan en k\u0131sa s\u00fcrede geri d\u00f6n\u00fc\u015f sa\u011flanacakt\u0131r. 6311 Sok. 39\/A Kar\u015f\u0131yaka, \u0130zmir(Mavi\u015fehir Metro Dura\u011f\u0131 Yan\u0131) +90 232 457 6316 info@egekomp.com Bu formu bitirebilmek i\u00e7in taray\u0131c\u0131n\u0131zda JavaScript&#039;i etkinle\u015ftirin.Bu formu bitirebilmek i\u00e7in taray\u0131c\u0131n\u0131zda JavaScript&#039;i etkinle\u015ftirin. Ad\u0131 Soyad\u0131 * AdSoyad E-posta *Yorum veya Mesaj G\u00f6nder","og_url":"https:\/\/www.egekomp.com\/en\/contact\/","og_site_name":"Egekomp Bili\u015fim ve Dan\u0131\u015fmanl\u0131k Hizmetleri - Netsis, Sistem Destek","article_publisher":"https:\/\/www.facebook.com\/egekompbilgisayar","article_modified_time":"2024-08-22T11:21:46+00:00","og_image":[{"url":"https:\/\/www.egekomp.com\/wp-content\/plugins\/wpforms-lite\/assets\/images\/submit-spin.svg","type":"","width":"","height":""}],"twitter_card":"summary_large_image","twitter_site":"@egekomp","twitter_misc":{"Est. reading time":"1 minute"},"schema":{"@context":"https:\/\/schema.org","@graph":[{"@type":"WebPage","@id":"https:\/\/www.egekomp.com\/contact\/","url":"https:\/\/www.egekomp.com\/contact\/","name":"\u0130leti\u015fim - Egekomp Bili\u015fim ve Dan\u0131\u015fmanl\u0131k Hizmetleri - Netsis, Sistem Destek","isPartOf":{"@id":"https:\/\/www.egekomp.com\/#website"},"primaryImageOfPage":{"@id":"https:\/\/www.egekomp.com\/contact\/#primaryimage"},"image":{"@id":"https:\/\/www.egekomp.com\/contact\/#primaryimage"},"thumbnailUrl":"https:\/\/www.egekomp.com\/wp-content\/plugins\/wpforms-lite\/assets\/images\/submit-spin.svg","datePublished":"2023-04-07T05:47:30+00:00","dateModified":"2024-08-22T11:21:46+00:00","breadcrumb":{"@id":"https:\/\/www.egekomp.com\/contact\/#breadcrumb"},"inLanguage":"en-US","potentialAction":[{"@type":"ReadAction","target":["https:\/\/www.egekomp.com\/contact\/"]}]},{"@type":"ImageObject","inLanguage":"en-US","@id":"https:\/\/www.egekomp.com\/contact\/#primaryimage","url":"https:\/\/www.egekomp.com\/wp-content\/plugins\/wpforms-lite\/assets\/images\/submit-spin.svg","contentUrl":"https:\/\/www.egekomp.com\/wp-content\/plugins\/wpforms-lite\/assets\/images\/submit-spin.svg"},{"@type":"BreadcrumbList","@id":"https:\/\/www.egekomp.com\/contact\/#breadcrumb","itemListElement":[{"@type":"ListItem","position":1,"name":"Anasayfa","item":"https:\/\/www.egekomp.com\/"},{"@type":"ListItem","position":2,"name":"\u0130leti\u015fim"}]},{"@type":"WebSite","@id":"https:\/\/www.egekomp.com\/#website","url":"https:\/\/www.egekomp.com\/","name":"Egekomp Bili\u015fim ve Dan\u0131\u015fmanl\u0131k Hizmetleri - Netsis, Sistem Destek","description":"Involve in Technology","publisher":{"@id":"https:\/\/www.egekomp.com\/#organization"},"potentialAction":[{"@type":"SearchAction","target":{"@type":"EntryPoint","urlTemplate":"https:\/\/www.egekomp.com\/?s={search_term_string}"},"query-input":{"@type":"PropertyValueSpecification","valueRequired":true,"valueName":"search_term_string"}}],"inLanguage":"en-US"},{"@type":"Organization","@id":"https:\/\/www.egekomp.com\/#organization","name":"Egekomp Bili\u015fim ve Dan\u0131\u015fmanl\u0131k Hizmetleri - Netsis, Sistem Destek","url":"https:\/\/www.egekomp.com\/","logo":{"@type":"ImageObject","inLanguage":"en-US","@id":"https:\/\/www.egekomp.com\/#\/schema\/logo\/image\/","url":"https:\/\/www.egekomp.com\/wp-content\/uploads\/2023\/07\/egekomp-logo.png","contentUrl":"https:\/\/www.egekomp.com\/wp-content\/uploads\/2023\/07\/egekomp-logo.png","width":1039,"height":205,"caption":"Egekomp Bili\u015fim ve Dan\u0131\u015fmanl\u0131k Hizmetleri - Netsis, Sistem Destek"},"image":{"@id":"https:\/\/www.egekomp.com\/#\/schema\/logo\/image\/"},"sameAs":["https:\/\/www.facebook.com\/egekompbilgisayar","https:\/\/x.com\/egekomp","https:\/\/www.instagram.com\/egekomp","https:\/\/tr.linkedin.com\/company\/egekomp"]}]}},"_links":{"self":[{"href":"https:\/\/www.egekomp.com\/en\/wp-json\/wp\/v2\/pages\/10","targetHints":{"allow":["GET"]}}],"collection":[{"href":"https:\/\/www.egekomp.com\/en\/wp-json\/wp\/v2\/pages"}],"about":[{"href":"https:\/\/www.egekomp.com\/en\/wp-json\/wp\/v2\/types\/page"}],"author":[{"embeddable":true,"href":"https:\/\/www.egekomp.com\/en\/wp-json\/wp\/v2\/users\/1"}],"replies":[{"embeddable":true,"href":"https:\/\/www.egekomp.com\/en\/wp-json\/wp\/v2\/comments?post=10"}],"version-history":[{"count":30,"href":"https:\/\/www.egekomp.com\/en\/wp-json\/wp\/v2\/pages\/10\/revisions"}],"predecessor-version":[{"id":2774,"href":"https:\/\/www.egekomp.com\/en\/wp-json\/wp\/v2\/pages\/10\/revisions\/2774"}],"wp:attachment":[{"href":"https:\/\/www.egekomp.com\/en\/wp-json\/wp\/v2\/media?parent=10"}],"curies":[{"name":"wp","href":"https:\/\/api.w.org\/{rel}","templated":true}]}}