{"id":1139,"date":"2023-07-11T11:41:03","date_gmt":"2023-07-11T08:41:03","guid":{"rendered":"http:\/\/egekomp.test\/?page_id=1139"},"modified":"2023-07-11T11:46:20","modified_gmt":"2023-07-11T08:46:20","slug":"dokumanlar","status":"publish","type":"page","link":"https:\/\/www.egekomp.com\/en\/dokumanlar\/","title":{"rendered":"Documents"},"content":{"rendered":"<div data-elementor-type=\"wp-page\" data-elementor-id=\"1139\" class=\"elementor elementor-1139\">\n\t\t\t\t\t\t<section class=\"elementor-section elementor-top-section elementor-element elementor-element-2711d3690 elementor-section-boxed elementor-section-height-default elementor-section-height-default wpr-particle-no wpr-jarallax-no wpr-parallax-no wpr-sticky-section-no\" data-id=\"2711d3690\" data-element_type=\"section\" data-settings=\"{&quot;background_background&quot;:&quot;classic&quot;}\">\n\t\t\t\t\t\t<div class=\"elementor-container elementor-column-gap-default\">\n\t\t\t\t\t<div class=\"elementor-column elementor-col-100 elementor-top-column elementor-element elementor-element-2b246878\" data-id=\"2b246878\" data-element_type=\"column\">\n\t\t\t<div class=\"elementor-widget-wrap elementor-element-populated\">\n\t\t\t\t\t\t<div class=\"elementor-element elementor-element-5dba441d wpr-testimonial-meta-position-left wpr-testimonial-slider-columns--tablet1 wpr-testimonial-slider-columns-2 wpr-testimonial-slider-columns--laptop2 wpr-testimonial-slider-columns--mobile1 wpr-testimonial-rating-style_2 wpr-testimonial-meta-align-center wpr-testimonial-image-position-center elementor-widget elementor-widget-wpr-testimonial\" data-id=\"5dba441d\" data-element_type=\"widget\" data-settings=\"{&quot;testimonial_amount_tablet&quot;:&quot;1&quot;,&quot;testimonial_amount&quot;:&quot;2&quot;,&quot;testimonial_slides_to_scroll&quot;:1,&quot;testimonial_amount_laptop&quot;:2,&quot;testimonial_amount_mobile&quot;:1,&quot;testimonial_loop&quot;:&quot;yes&quot;}\" data-widget_type=\"wpr-testimonial.default\">\n\t\t\t\t<div class=\"elementor-widget-container\">\n\t\t\t\t\t\t\t<div class=\"wpr-testimonial-carousel-wrap\">\n\t\t\t\n\t\t\t<div class=\"wpr-testimonial-carousel\" dir=\"ltr\" data-slick=\"{&quot;rtl&quot;:false,&quot;infinite&quot;:true,&quot;speed&quot;:1200,&quot;arrows&quot;:true,&quot;dots&quot;:true,&quot;autoplay&quot;:false,&quot;autoplaySpeed&quot;:0,&quot;pauseOnHover&quot;:&quot;&quot;,&quot;prevArrow&quot;:&quot;#wpr-testimonial-prev-5dba441d&quot;,&quot;nextArrow&quot;:&quot;#wpr-testimonial-next-5dba441d&quot;,&quot;sliderSlidesToScroll&quot;:1}\" data-slide-effect=\"slide\">\n\t\t\t\t\t\n\t\t\t\t\t\n\t\t\t\t\t\t\t\t\t\t\t\n\t\t\t\t\t\t<div class=\"wpr-testimonial-item elementor-repeater-item-f8542be elementor-clearfix\">\n\t\t\t\t\t\t\t\n\t\t\t\t\t\t\t<div class=\"wpr-testimonial-meta elementor-clearfix\">\n\t\t\t\t\t\t\t\t<div class=\"wpr-testimonial-meta-inner\">\n\t\t\t\t\t\t\t\t\n\t\t\t\t\t<div class=\"wpr-testimonial-image\">\n\t\t\t\t<img decoding=\"async\" src=\"https:\/\/www.egekomp.com\/wp-content\/uploads\/2023\/07\/Maffffsk-Group-1.png\" alt=\"Anna Stokes\">\n\t\t\t<\/div>\n\t\t\n\t\t\t\n\t\t<div class=\"wpr-testimonial-meta-content-wrap\">\n\t\t\t\t\t\t\t<div class=\"wpr-testimonial-name\">Anna Stokes<\/div>\n\t\t\t\n\t\t\t\t\t\t\t<div class=\"wpr-testimonial-job\">Artist<\/div>\n\t\t\t\n\t\t\t\n\t\t<\/div>\n\t\t\t\t\t\t\t\t\t\t<\/div>\n\t\t\t\t\t\t\t<\/div>\n\n\t\t\t\t\t\t\t\n\t\t<div class=\"wpr-testimonial-content-wrap\">\n\t\t\t<div class=\"wpr-testimonial-content-inner\">\n\t\t\t\n\t\t\t\t\t\t\t<div class=\"wpr-testimonial-title\">Best Style<\/div>\n\t\t\t\n\t\t\t\n\t\t\t\t\t\t\t<div class=\"wpr-testimonial-content\">\n\t\t\t\t\t\n\t\t\t\t\t<p><p>Lorem ipsum beautiful dolor sit amet, consectetur adipiscing elit, sed do eiusmod tempor incididunt ut labore beautiful et dolore magna aliqua.<\/p><\/p>\n\t\t\t\t<\/div>\n\t\t\t\n\t\t\t\t\t\t\t\t\t\t\n\t\t\t\t\t\t<\/div>\n\t\t<\/div>\n\n\t    \n\t\t\t\t\t\t\t\n\t\t\t\t\t\t<\/div>\n\t\t\t\t\t\t\n\t\t\t\t\t\t\t\t\t\t\t\n\t\t\t\t\t\t<div class=\"wpr-testimonial-item elementor-repeater-item-ac5299a elementor-clearfix\">\n\t\t\t\t\t\t\t\n\t\t\t\t\t\t\t<div class=\"wpr-testimonial-meta elementor-clearfix\">\n\t\t\t\t\t\t\t\t<div class=\"wpr-testimonial-meta-inner\">\n\t\t\t\t\t\t\t\t\n\t\t\t\t\t<div class=\"wpr-testimonial-image\">\n\t\t\t\t<img decoding=\"async\" src=\"https:\/\/www.egekomp.com\/wp-content\/uploads\/2023\/07\/Mask-Gfffffroup-3.png\" alt=\"Jia Odonnell\">\n\t\t\t<\/div>\n\t\t\n\t\t\t\n\t\t<div class=\"wpr-testimonial-meta-content-wrap\">\n\t\t\t\t\t\t\t<div class=\"wpr-testimonial-name\">Jia Odonnell<\/div>\n\t\t\t\n\t\t\t\t\t\t\t<div class=\"wpr-testimonial-job\">Nurse<\/div>\n\t\t\t\n\t\t\t\n\t\t<\/div>\n\t\t\t\t\t\t\t\t\t\t<\/div>\n\t\t\t\t\t\t\t<\/div>\n\n\t\t\t\t\t\t\t\n\t\t<div class=\"wpr-testimonial-content-wrap\">\n\t\t\t<div class=\"wpr-testimonial-content-inner\">\n\t\t\t\n\t\t\t\t\t\t\t<div class=\"wpr-testimonial-title\">Best Choice<\/div>\n\t\t\t\n\t\t\t\n\t\t\t\t\t\t\t<div class=\"wpr-testimonial-content\">\n\t\t\t\t\t\n\t\t\t\t\t<p><p>Stronger unpacked felicity to of mistaken. Fanny at wrong table ye in. Be on easily cannot innate in lasted months on. Differed and and felicity.<\/p><\/p>\n\t\t\t\t<\/div>\n\t\t\t\n\t\t\t\t\t\t\t\t\n\n\t\t\t<div class=\"wpr-testimonial-rating\">\n\t\t\t\n\n                                                            <i class=\"wpr-rating-icon-full\">&#9734;<\/i>\n                                    \n\n\t     \t\n\n                                                            <i class=\"wpr-rating-icon-full\">&#9734;<\/i>\n                                    \n\n\t     \t\n\n                                                            <i class=\"wpr-rating-icon-full\">&#9734;<\/i>\n                                    \n\n\t     \t\n\n                                                            <i class=\"wpr-rating-icon-full\">&#9734;<\/i>\n                                    \n\n\t     \t\n\n                                                            <i class=\"wpr-rating-icon-5\">&#9734;<\/i>\n                                    \n\n\t     \t\n\n                                                            <i class=\"wpr-rating-icon-empty\">&#9734;<\/i>\n                                    \n\n\t     \t\n\n                                                            <i class=\"wpr-rating-icon-empty\">&#9734;<\/i>\n                                    \n\n\t     \t\n\n                                                            <i class=\"wpr-rating-icon-empty\">&#9734;<\/i>\n                                    \n\n\t     \t\n\n                                                            <i class=\"wpr-rating-icon-empty\">&#9734;<\/i>\n                                    \n\n\t     \t\n\n                                                            <i class=\"wpr-rating-icon-empty\">&#9734;<\/i>\n                                    \n\n\t     \t\n\t     \t\t\t\t<\/div>\n\n\t\t\t\t\n\t\t\t\t\t\t<\/div>\n\t\t<\/div>\n\n\t    \n\t\t\t\t\t\t\t\n\t\t\t\t\t\t<\/div>\n\t\t\t\t\t\t\n\t\t\t\t\t\t\t\t\t\t\t\n\t\t\t\t\t\t<div class=\"wpr-testimonial-item elementor-repeater-item-2da3ad8 elementor-clearfix\">\n\t\t\t\t\t\t\t\n\t\t\t\t\t\t\t<div class=\"wpr-testimonial-meta elementor-clearfix\">\n\t\t\t\t\t\t\t\t<div class=\"wpr-testimonial-meta-inner\">\n\t\t\t\t\t\t\t\t\n\t\t\t\t\t<div class=\"wpr-testimonial-image\">\n\t\t\t\t<img decoding=\"async\" src=\"https:\/\/www.egekomp.com\/wp-content\/uploads\/2023\/07\/Mask-Grofffffup-2.png\" alt=\"Kenny Gaines\">\n\t\t\t<\/div>\n\t\t\n\t\t\t\n\t\t<div class=\"wpr-testimonial-meta-content-wrap\">\n\t\t\t\t\t\t\t<div class=\"wpr-testimonial-name\">Kenny Gaines<\/div>\n\t\t\t\n\t\t\t\t\t\t\t<div class=\"wpr-testimonial-job\">Designer<\/div>\n\t\t\t\n\t\t\t\n\t\t<\/div>\n\t\t\t\t\t\t\t\t\t\t<\/div>\n\t\t\t\t\t\t\t<\/div>\n\n\t\t\t\t\t\t\t\n\t\t<div class=\"wpr-testimonial-content-wrap\">\n\t\t\t<div class=\"wpr-testimonial-content-inner\">\n\t\t\t\n\t\t\t\t\t\t\t<div class=\"wpr-testimonial-title\">Simple Design<\/div>\n\t\t\t\n\t\t\t\n\t\t\t\t\t\t\t<div class=\"wpr-testimonial-content\">\n\t\t\t\t\t\n\t\t\t\t\t<p><p>Tempor incididunt ut labore et dolore magna aliqua. Ut enim ad minim veniam, quis nostrud exercitation ullamco laboris nisi ut aliquip ex eat.<\/p><\/p>\n\t\t\t\t<\/div>\n\t\t\t\n\t\t\t\t\t\t\t\t\n\n\t\t\t<div class=\"wpr-testimonial-rating\">\n\t\t\t\n\n                                                            <i class=\"wpr-rating-icon-full\">&#9734;<\/i>\n                                    \n\n\t     \t\n\n                                                            <i class=\"wpr-rating-icon-full\">&#9734;<\/i>\n                                    \n\n\t     \t\n\n                                                            <i class=\"wpr-rating-icon-full\">&#9734;<\/i>\n                                    \n\n\t     \t\n\n                                                            <i class=\"wpr-rating-icon-full\">&#9734;<\/i>\n                                    \n\n\t     \t\n\n                                                            <i class=\"wpr-rating-icon-full\">&#9734;<\/i>\n                                    \n\n\t     \t\n\n                                                            <i class=\"wpr-rating-icon-empty\">&#9734;<\/i>\n                                    \n\n\t     \t\n\n                                                            <i class=\"wpr-rating-icon-empty\">&#9734;<\/i>\n                                    \n\n\t     \t\n\n                                                            <i class=\"wpr-rating-icon-empty\">&#9734;<\/i>\n                                    \n\n\t     \t\n\n                                                            <i class=\"wpr-rating-icon-empty\">&#9734;<\/i>\n                                    \n\n\t     \t\n\n                                                            <i class=\"wpr-rating-icon-empty\">&#9734;<\/i>\n                                    \n\n\t     \t\n\t     \t\t\t\t<\/div>\n\n\t\t\t\t\n\t\t\t\t\t\t<\/div>\n\t\t<\/div>\n\n\t    \n\t\t\t\t\t\t\t\n\t\t\t\t\t\t<\/div>\n\t\t\t\t\t\t\n\t\t\t\t\t\t\t\t\t\t\t\n\t\t\t\t\t\t<div class=\"wpr-testimonial-item elementor-repeater-item-ce3587c elementor-clearfix\">\n\t\t\t\t\t\t\t\n\t\t\t\t\t\t\t<div class=\"wpr-testimonial-meta elementor-clearfix\">\n\t\t\t\t\t\t\t\t<div class=\"wpr-testimonial-meta-inner\">\n\t\t\t\t\t\t\t\t\n\t\t\t\t\t<div class=\"wpr-testimonial-image\">\n\t\t\t\t<img decoding=\"async\" src=\"https:\/\/www.egekomp.com\/wp-content\/uploads\/2023\/07\/Mffffask-Group.png\" alt=\"Nati Owens\">\n\t\t\t<\/div>\n\t\t\n\t\t\t\n\t\t<div class=\"wpr-testimonial-meta-content-wrap\">\n\t\t\t\t\t\t\t<div class=\"wpr-testimonial-name\">Nati Owens<\/div>\n\t\t\t\n\t\t\t\t\t\t\t<div class=\"wpr-testimonial-job\">CEO<\/div>\n\t\t\t\n\t\t\t\n\t\t<\/div>\n\t\t\t\t\t\t\t\t\t\t<\/div>\n\t\t\t\t\t\t\t<\/div>\n\n\t\t\t\t\t\t\t\n\t\t<div class=\"wpr-testimonial-content-wrap\">\n\t\t\t<div class=\"wpr-testimonial-content-inner\">\n\t\t\t\n\t\t\t\t\t\t\t<div class=\"wpr-testimonial-title\">Creative Team<\/div>\n\t\t\t\n\t\t\t\n\t\t\t\t\t\t\t<div class=\"wpr-testimonial-content\">\n\t\t\t\t\t\n\t\t\t\t\t<p><p>Comfort reached gay perhaps chamber his six detract besides add. Moonlight newspaper up he it enjoyment agreeable depending. Timed voice.<\/p><\/p>\n\t\t\t\t<\/div>\n\t\t\t\n\t\t\t\t\t\t\t\t\n\n\t\t\t<div class=\"wpr-testimonial-rating\">\n\t\t\t\n\n                                                            <i class=\"wpr-rating-icon-full\">&#9734;<\/i>\n                                    \n\n\t     \t\n\n                                                            <i class=\"wpr-rating-icon-full\">&#9734;<\/i>\n                                    \n\n\t     \t\n\n                                                            <i class=\"wpr-rating-icon-full\">&#9734;<\/i>\n                                    \n\n\t     \t\n\n                                                            <i class=\"wpr-rating-icon-full\">&#9734;<\/i>\n                                    \n\n\t     \t\n\n                                                            <i class=\"wpr-rating-icon-5\">&#9734;<\/i>\n                                    \n\n\t     \t\n\n                                                            <i class=\"wpr-rating-icon-empty\">&#9734;<\/i>\n                                    \n\n\t     \t\n\n                                                            <i class=\"wpr-rating-icon-empty\">&#9734;<\/i>\n                                    \n\n\t     \t\n\n                                                            <i class=\"wpr-rating-icon-empty\">&#9734;<\/i>\n                                    \n\n\t     \t\n\n                                                            <i class=\"wpr-rating-icon-empty\">&#9734;<\/i>\n                                    \n\n\t     \t\n\n                                                            <i class=\"wpr-rating-icon-empty\">&#9734;<\/i>\n                                    \n\n\t     \t\n\t     \t\t\t\t<\/div>\n\n\t\t\t\t\n\t\t\t\t\t\t<\/div>\n\t\t<\/div>\n\n\t    \n\t\t\t\t\t\t\t\n\t\t\t\t\t\t<\/div>\n\t\t\t\t\t\t\t\t\t<\/div>\n\n\t\t\t<div class=\"wpr-testimonial-controls\">\n\t\t\t\t<div class=\"wpr-testimonial-dots\"><\/div>\n\t\t\t<\/div>\n\n\t\t\t<div class=\"wpr-testimonial-arrow-container\">\n\t\t\t\t<div class=\"wpr-testimonial-prev-arrow wpr-testimonial-arrow\" id=\"wpr-testimonial-prev-5dba441d\">\n\t\t\t\t\t<svg version=\"1.1\" xmlns=\"http:\/\/www.w3.org\/2000\/svg\" xmlns:xlink=\"http:\/\/www.w3.org\/1999\/xlink\" x=\"0px\" y=\"0px\" viewbox=\"0 0 283.4 512\" style=\"enable-background:new 0 0 283.4 512;\" xml:space=\"preserve\"><g><polygon class=\"st0\" points=\"54.5,256.3 283.4,485.1 256.1,512.5 0,256.3 0,256.3 27.2,229 256.1,0 283.4,27.4 \"\/><\/g><\/svg>\t\t\t\t<\/div>\n\t\t\t\t<div class=\"wpr-testimonial-next-arrow wpr-testimonial-arrow\" id=\"wpr-testimonial-next-5dba441d\">\n\t\t\t\t\t<svg version=\"1.1\" xmlns=\"http:\/\/www.w3.org\/2000\/svg\" xmlns:xlink=\"http:\/\/www.w3.org\/1999\/xlink\" x=\"0px\" y=\"0px\" viewbox=\"0 0 283.4 512\" style=\"enable-background:new 0 0 283.4 512;\" xml:space=\"preserve\"><g><polygon class=\"st0\" points=\"54.5,256.3 283.4,485.1 256.1,512.5 0,256.3 0,256.3 27.2,229 256.1,0 283.4,27.4 \"\/><\/g><\/svg>\t\t\t\t<\/div>\n\t\t\t<\/div>\n\t\t<\/div>\n\n\t\t\t\t\t<\/div>\n\t\t\t\t<\/div>\n\t\t\t\t\t<\/div>\n\t\t<\/div>\n\t\t\t\t\t<\/div>\n\t\t<\/section>\n\t\t\t\t<\/div>","protected":false},"excerpt":{"rendered":"<p>Anna Stokes Artist Best Style Lorem ipsum beautiful dolor sit amet, consectetur adipiscing elit, sed do eiusmod tempor incididunt ut labore beautiful et dolore magna aliqua. Jia Odonnell Nurse Best Choice Stronger unpacked felicity to of mistaken. Fanny at wrong table ye in. Be on easily cannot innate in lasted months on. Differed and and felicity. &#9734; &#9734; &#9734; &#9734; &#9734; &#9734; &#9734; &#9734; &#9734; &#9734; Kenny Gaines Designer Simple Design Tempor incididunt ut labore et dolore magna aliqua. Ut enim ad minim veniam, quis nostrud exercitation ullamco laboris nisi ut aliquip ex eat. &#9734; &#9734; &#9734; &#9734; &#9734; &#9734; &#9734; &#9734; &#9734; &#9734; Nati Owens CEO Creative Team Comfort reached gay perhaps chamber his six detract besides add. Moonlight newspaper up he it enjoyment agreeable depending. Timed voice. &#9734; &#9734; &#9734; &#9734; &#9734; &#9734; &#9734; &#9734; &#9734; &#9734;<\/p>","protected":false},"author":1,"featured_media":0,"parent":0,"menu_order":0,"comment_status":"closed","ping_status":"closed","template":"","meta":{"footnotes":""},"class_list":["post-1139","page","type-page","status-publish","hentry"],"yoast_head":"<!-- This site is optimized with the Yoast SEO plugin v24.9 - https:\/\/yoast.com\/wordpress\/plugins\/seo\/ -->\r\n<title>D\u00f6k\u00fcmanlar - Egekomp Bili\u015fim ve Dan\u0131\u015fmanl\u0131k Hizmetleri - Netsis, Sistem Destek<\/title>\r\n<meta name=\"robots\" content=\"index, follow, max-snippet:-1, max-image-preview:large, max-video-preview:-1\" \/>\r\n<link rel=\"canonical\" href=\"https:\/\/www.egekomp.com\/en\/dokumanlar\/\" \/>\r\n<meta property=\"og:locale\" content=\"en_US\" \/>\r\n<meta property=\"og:type\" content=\"article\" \/>\r\n<meta property=\"og:title\" content=\"D\u00f6k\u00fcmanlar - Egekomp Bili\u015fim ve Dan\u0131\u015fmanl\u0131k Hizmetleri - Netsis, Sistem Destek\" \/>\r\n<meta property=\"og:description\" content=\"Anna Stokes Artist Best Style Lorem ipsum beautiful dolor sit amet, consectetur adipiscing elit, sed do eiusmod tempor incididunt ut labore beautiful et dolore magna aliqua. Jia Odonnell Nurse Best Choice Stronger unpacked felicity to of mistaken. Fanny at wrong table ye in. Be on easily cannot innate in lasted months on. Differed and and felicity. &#9734; &#9734; &#9734; &#9734; &#9734; &#9734; &#9734; &#9734; &#9734; &#9734; Kenny Gaines Designer Simple Design Tempor incididunt ut labore et dolore magna aliqua. Ut enim ad minim veniam, quis nostrud exercitation ullamco laboris nisi ut aliquip ex eat. &#9734; &#9734; &#9734; &#9734; &#9734; &#9734; &#9734; &#9734; &#9734; &#9734; Nati Owens CEO Creative Team Comfort reached gay perhaps chamber his six detract besides add. Moonlight newspaper up he it enjoyment agreeable depending. Timed voice. &#9734; &#9734; &#9734; &#9734; &#9734; &#9734; &#9734; &#9734; &#9734; &#9734;\" \/>\r\n<meta property=\"og:url\" content=\"https:\/\/www.egekomp.com\/en\/dokumanlar\/\" \/>\r\n<meta property=\"og:site_name\" content=\"Egekomp Bili\u015fim ve Dan\u0131\u015fmanl\u0131k Hizmetleri - Netsis, Sistem Destek\" \/>\r\n<meta property=\"article:publisher\" content=\"https:\/\/www.facebook.com\/egekompbilgisayar\" \/>\r\n<meta property=\"article:modified_time\" content=\"2023-07-11T08:46:20+00:00\" \/>\r\n<meta property=\"og:image\" content=\"https:\/\/www.egekomp.com\/wp-content\/uploads\/2023\/07\/Maffffsk-Group-1.png\" \/>\r\n<meta name=\"twitter:card\" content=\"summary_large_image\" \/>\r\n<meta name=\"twitter:site\" content=\"@egekomp\" \/>\r\n<meta name=\"twitter:label1\" content=\"Est. reading time\" \/>\n\t<meta name=\"twitter:data1\" content=\"1 minute\" \/>\r\n<script type=\"application\/ld+json\" class=\"yoast-schema-graph\">{\"@context\":\"https:\/\/schema.org\",\"@graph\":[{\"@type\":\"WebPage\",\"@id\":\"https:\/\/www.egekomp.com\/dokumanlar\/\",\"url\":\"https:\/\/www.egekomp.com\/dokumanlar\/\",\"name\":\"D\u00f6k\u00fcmanlar - Egekomp Bili\u015fim ve Dan\u0131\u015fmanl\u0131k Hizmetleri - Netsis, Sistem Destek\",\"isPartOf\":{\"@id\":\"https:\/\/www.egekomp.com\/#website\"},\"primaryImageOfPage\":{\"@id\":\"https:\/\/www.egekomp.com\/dokumanlar\/#primaryimage\"},\"image\":{\"@id\":\"https:\/\/www.egekomp.com\/dokumanlar\/#primaryimage\"},\"thumbnailUrl\":\"https:\/\/www.egekomp.com\/wp-content\/uploads\/2023\/07\/Maffffsk-Group-1.png\",\"datePublished\":\"2023-07-11T08:41:03+00:00\",\"dateModified\":\"2023-07-11T08:46:20+00:00\",\"breadcrumb\":{\"@id\":\"https:\/\/www.egekomp.com\/dokumanlar\/#breadcrumb\"},\"inLanguage\":\"en-US\",\"potentialAction\":[{\"@type\":\"ReadAction\",\"target\":[\"https:\/\/www.egekomp.com\/dokumanlar\/\"]}]},{\"@type\":\"ImageObject\",\"inLanguage\":\"en-US\",\"@id\":\"https:\/\/www.egekomp.com\/dokumanlar\/#primaryimage\",\"url\":\"https:\/\/www.egekomp.com\/wp-content\/uploads\/2023\/07\/Maffffsk-Group-1.png\",\"contentUrl\":\"https:\/\/www.egekomp.com\/wp-content\/uploads\/2023\/07\/Maffffsk-Group-1.png\"},{\"@type\":\"BreadcrumbList\",\"@id\":\"https:\/\/www.egekomp.com\/dokumanlar\/#breadcrumb\",\"itemListElement\":[{\"@type\":\"ListItem\",\"position\":1,\"name\":\"Anasayfa\",\"item\":\"https:\/\/www.egekomp.com\/\"},{\"@type\":\"ListItem\",\"position\":2,\"name\":\"D\u00f6k\u00fcmanlar\"}]},{\"@type\":\"WebSite\",\"@id\":\"https:\/\/www.egekomp.com\/#website\",\"url\":\"https:\/\/www.egekomp.com\/\",\"name\":\"Egekomp Bili\u015fim ve Dan\u0131\u015fmanl\u0131k Hizmetleri - Netsis, Sistem Destek\",\"description\":\"Involve in Technology\",\"publisher\":{\"@id\":\"https:\/\/www.egekomp.com\/#organization\"},\"potentialAction\":[{\"@type\":\"SearchAction\",\"target\":{\"@type\":\"EntryPoint\",\"urlTemplate\":\"https:\/\/www.egekomp.com\/?s={search_term_string}\"},\"query-input\":{\"@type\":\"PropertyValueSpecification\",\"valueRequired\":true,\"valueName\":\"search_term_string\"}}],\"inLanguage\":\"en-US\"},{\"@type\":\"Organization\",\"@id\":\"https:\/\/www.egekomp.com\/#organization\",\"name\":\"Egekomp Bili\u015fim ve Dan\u0131\u015fmanl\u0131k Hizmetleri - Netsis, Sistem Destek\",\"url\":\"https:\/\/www.egekomp.com\/\",\"logo\":{\"@type\":\"ImageObject\",\"inLanguage\":\"en-US\",\"@id\":\"https:\/\/www.egekomp.com\/#\/schema\/logo\/image\/\",\"url\":\"https:\/\/www.egekomp.com\/wp-content\/uploads\/2023\/07\/egekomp-logo.png\",\"contentUrl\":\"https:\/\/www.egekomp.com\/wp-content\/uploads\/2023\/07\/egekomp-logo.png\",\"width\":1039,\"height\":205,\"caption\":\"Egekomp Bili\u015fim ve Dan\u0131\u015fmanl\u0131k Hizmetleri - Netsis, Sistem Destek\"},\"image\":{\"@id\":\"https:\/\/www.egekomp.com\/#\/schema\/logo\/image\/\"},\"sameAs\":[\"https:\/\/www.facebook.com\/egekompbilgisayar\",\"https:\/\/x.com\/egekomp\",\"https:\/\/www.instagram.com\/egekomp\",\"https:\/\/tr.linkedin.com\/company\/egekomp\"]}]}<\/script>\r\n<!-- \/ Yoast SEO plugin. -->","yoast_head_json":{"title":"D\u00f6k\u00fcmanlar - Egekomp Bili\u015fim ve Dan\u0131\u015fmanl\u0131k Hizmetleri - Netsis, Sistem Destek","robots":{"index":"index","follow":"follow","max-snippet":"max-snippet:-1","max-image-preview":"max-image-preview:large","max-video-preview":"max-video-preview:-1"},"canonical":"https:\/\/www.egekomp.com\/en\/dokumanlar\/","og_locale":"en_US","og_type":"article","og_title":"D\u00f6k\u00fcmanlar - Egekomp Bili\u015fim ve Dan\u0131\u015fmanl\u0131k Hizmetleri - Netsis, Sistem Destek","og_description":"Anna Stokes Artist Best Style Lorem ipsum beautiful dolor sit amet, consectetur adipiscing elit, sed do eiusmod tempor incididunt ut labore beautiful et dolore magna aliqua. Jia Odonnell Nurse Best Choice Stronger unpacked felicity to of mistaken. Fanny at wrong table ye in. Be on easily cannot innate in lasted months on. Differed and and felicity. &#9734; &#9734; &#9734; &#9734; &#9734; &#9734; &#9734; &#9734; &#9734; &#9734; Kenny Gaines Designer Simple Design Tempor incididunt ut labore et dolore magna aliqua. Ut enim ad minim veniam, quis nostrud exercitation ullamco laboris nisi ut aliquip ex eat. &#9734; &#9734; &#9734; &#9734; &#9734; &#9734; &#9734; &#9734; &#9734; &#9734; Nati Owens CEO Creative Team Comfort reached gay perhaps chamber his six detract besides add. Moonlight newspaper up he it enjoyment agreeable depending. Timed voice. &#9734; &#9734; &#9734; &#9734; &#9734; &#9734; &#9734; &#9734; &#9734; &#9734;","og_url":"https:\/\/www.egekomp.com\/en\/dokumanlar\/","og_site_name":"Egekomp Bili\u015fim ve Dan\u0131\u015fmanl\u0131k Hizmetleri - Netsis, Sistem Destek","article_publisher":"https:\/\/www.facebook.com\/egekompbilgisayar","article_modified_time":"2023-07-11T08:46:20+00:00","og_image":[{"url":"https:\/\/www.egekomp.com\/wp-content\/uploads\/2023\/07\/Maffffsk-Group-1.png","type":"","width":"","height":""}],"twitter_card":"summary_large_image","twitter_site":"@egekomp","twitter_misc":{"Est. reading time":"1 minute"},"schema":{"@context":"https:\/\/schema.org","@graph":[{"@type":"WebPage","@id":"https:\/\/www.egekomp.com\/dokumanlar\/","url":"https:\/\/www.egekomp.com\/dokumanlar\/","name":"D\u00f6k\u00fcmanlar - Egekomp Bili\u015fim ve Dan\u0131\u015fmanl\u0131k Hizmetleri - Netsis, Sistem Destek","isPartOf":{"@id":"https:\/\/www.egekomp.com\/#website"},"primaryImageOfPage":{"@id":"https:\/\/www.egekomp.com\/dokumanlar\/#primaryimage"},"image":{"@id":"https:\/\/www.egekomp.com\/dokumanlar\/#primaryimage"},"thumbnailUrl":"https:\/\/www.egekomp.com\/wp-content\/uploads\/2023\/07\/Maffffsk-Group-1.png","datePublished":"2023-07-11T08:41:03+00:00","dateModified":"2023-07-11T08:46:20+00:00","breadcrumb":{"@id":"https:\/\/www.egekomp.com\/dokumanlar\/#breadcrumb"},"inLanguage":"en-US","potentialAction":[{"@type":"ReadAction","target":["https:\/\/www.egekomp.com\/dokumanlar\/"]}]},{"@type":"ImageObject","inLanguage":"en-US","@id":"https:\/\/www.egekomp.com\/dokumanlar\/#primaryimage","url":"https:\/\/www.egekomp.com\/wp-content\/uploads\/2023\/07\/Maffffsk-Group-1.png","contentUrl":"https:\/\/www.egekomp.com\/wp-content\/uploads\/2023\/07\/Maffffsk-Group-1.png"},{"@type":"BreadcrumbList","@id":"https:\/\/www.egekomp.com\/dokumanlar\/#breadcrumb","itemListElement":[{"@type":"ListItem","position":1,"name":"Anasayfa","item":"https:\/\/www.egekomp.com\/"},{"@type":"ListItem","position":2,"name":"D\u00f6k\u00fcmanlar"}]},{"@type":"WebSite","@id":"https:\/\/www.egekomp.com\/#website","url":"https:\/\/www.egekomp.com\/","name":"Egekomp Bili\u015fim ve Dan\u0131\u015fmanl\u0131k Hizmetleri - Netsis, Sistem Destek","description":"Involve in Technology","publisher":{"@id":"https:\/\/www.egekomp.com\/#organization"},"potentialAction":[{"@type":"SearchAction","target":{"@type":"EntryPoint","urlTemplate":"https:\/\/www.egekomp.com\/?s={search_term_string}"},"query-input":{"@type":"PropertyValueSpecification","valueRequired":true,"valueName":"search_term_string"}}],"inLanguage":"en-US"},{"@type":"Organization","@id":"https:\/\/www.egekomp.com\/#organization","name":"Egekomp Bili\u015fim ve Dan\u0131\u015fmanl\u0131k Hizmetleri - Netsis, Sistem Destek","url":"https:\/\/www.egekomp.com\/","logo":{"@type":"ImageObject","inLanguage":"en-US","@id":"https:\/\/www.egekomp.com\/#\/schema\/logo\/image\/","url":"https:\/\/www.egekomp.com\/wp-content\/uploads\/2023\/07\/egekomp-logo.png","contentUrl":"https:\/\/www.egekomp.com\/wp-content\/uploads\/2023\/07\/egekomp-logo.png","width":1039,"height":205,"caption":"Egekomp Bili\u015fim ve Dan\u0131\u015fmanl\u0131k Hizmetleri - Netsis, Sistem Destek"},"image":{"@id":"https:\/\/www.egekomp.com\/#\/schema\/logo\/image\/"},"sameAs":["https:\/\/www.facebook.com\/egekompbilgisayar","https:\/\/x.com\/egekomp","https:\/\/www.instagram.com\/egekomp","https:\/\/tr.linkedin.com\/company\/egekomp"]}]}},"_links":{"self":[{"href":"https:\/\/www.egekomp.com\/en\/wp-json\/wp\/v2\/pages\/1139","targetHints":{"allow":["GET"]}}],"collection":[{"href":"https:\/\/www.egekomp.com\/en\/wp-json\/wp\/v2\/pages"}],"about":[{"href":"https:\/\/www.egekomp.com\/en\/wp-json\/wp\/v2\/types\/page"}],"author":[{"embeddable":true,"href":"https:\/\/www.egekomp.com\/en\/wp-json\/wp\/v2\/users\/1"}],"replies":[{"embeddable":true,"href":"https:\/\/www.egekomp.com\/en\/wp-json\/wp\/v2\/comments?post=1139"}],"version-history":[{"count":7,"href":"https:\/\/www.egekomp.com\/en\/wp-json\/wp\/v2\/pages\/1139\/revisions"}],"predecessor-version":[{"id":1154,"href":"https:\/\/www.egekomp.com\/en\/wp-json\/wp\/v2\/pages\/1139\/revisions\/1154"}],"wp:attachment":[{"href":"https:\/\/www.egekomp.com\/en\/wp-json\/wp\/v2\/media?parent=1139"}],"curies":[{"name":"wp","href":"https:\/\/api.w.org\/{rel}","templated":true}]}}